{"id":14,"date":"2023-10-14T13:07:56","date_gmt":"2023-10-14T11:07:56","guid":{"rendered":"https:\/\/mycityhelpline.ch\/?page_id=14"},"modified":"2023-11-01T08:32:22","modified_gmt":"2023-11-01T07:32:22","slug":"datenschutzrichtlinie","status":"publish","type":"page","link":"https:\/\/mycityhelpline.ch\/datenschutzrichtlinie\/","title":{"rendered":"Datenschutzrichtlinie"},"content":{"rendered":"\t\t<div data-elementor-type=\"wp-page\" data-elementor-id=\"14\" class=\"elementor elementor-14\" data-elementor-post-type=\"page\">\n\t\t\t\t\t\t<section class=\"elementor-section elementor-top-section elementor-element elementor-element-083636f elementor-section-boxed elementor-section-height-default elementor-section-height-default\" data-id=\"083636f\" data-element_type=\"section\">\n\t\t\t\t\t\t<div class=\"elementor-container elementor-column-gap-default\">\n\t\t\t\t\t<div class=\"elementor-column elementor-col-100 elementor-top-column elementor-element elementor-element-da086a1\" data-id=\"da086a1\" data-element_type=\"column\">\n\t\t\t<div class=\"elementor-widget-wrap elementor-element-populated\">\n\t\t\t\t\t\t<div class=\"elementor-element elementor-element-4ac50f5 elementor-widget elementor-widget-heading\" data-id=\"4ac50f5\" data-element_type=\"widget\" data-widget_type=\"heading.default\">\n\t\t\t\t<div class=\"elementor-widget-container\">\n\t\t\t<style>\/*! elementor - v3.22.0 - 26-06-2024 *\/\n.elementor-heading-title{padding:0;margin:0;line-height:1}.elementor-widget-heading .elementor-heading-title[class*=elementor-size-]>a{color:inherit;font-size:inherit;line-height:inherit}.elementor-widget-heading .elementor-heading-title.elementor-size-small{font-size:15px}.elementor-widget-heading .elementor-heading-title.elementor-size-medium{font-size:19px}.elementor-widget-heading .elementor-heading-title.elementor-size-large{font-size:29px}.elementor-widget-heading .elementor-heading-title.elementor-size-xl{font-size:39px}.elementor-widget-heading .elementor-heading-title.elementor-size-xxl{font-size:59px}<\/style><h1 class=\"elementor-heading-title elementor-size-default\">Datenschutzrichtlinie<\/h1>\t\t<\/div>\n\t\t\t\t<\/div>\n\t\t\t\t<div class=\"elementor-element elementor-element-7a5011b elementor-widget elementor-widget-text-editor\" data-id=\"7a5011b\" data-element_type=\"widget\" data-widget_type=\"text-editor.default\">\n\t\t\t\t<div class=\"elementor-widget-container\">\n\t\t\t<style>\/*! elementor - v3.22.0 - 26-06-2024 *\/\n.elementor-widget-text-editor.elementor-drop-cap-view-stacked .elementor-drop-cap{background-color:#69727d;color:#fff}.elementor-widget-text-editor.elementor-drop-cap-view-framed .elementor-drop-cap{color:#69727d;border:3px solid;background-color:transparent}.elementor-widget-text-editor:not(.elementor-drop-cap-view-default) .elementor-drop-cap{margin-top:8px}.elementor-widget-text-editor:not(.elementor-drop-cap-view-default) .elementor-drop-cap-letter{width:1em;height:1em}.elementor-widget-text-editor .elementor-drop-cap{float:left;text-align:center;line-height:1;font-size:50px}.elementor-widget-text-editor .elementor-drop-cap-letter{display:inline-block}<\/style>\t\t\t\t<h4>DATENSCHUTZRICHTLINIE f\u00fcr MyCityHighlight Benutzer Accounts, MyCityHighlight Apps und MyCityHighlight Webauftritte G\u00fcltig ab 25. Mai 2018<\/h4><p>Der Schutz deiner personenbezogenen Daten ist uns ein besonderes Anliegen, wann immer du dich via E-Mail, Facebook- oder Twitter-Account auf unseren Plattformen (unseren Apps und unserer Webseiten) registrierst, oder wenn du unsere Apps verwendest bzw. die Webseiten von MyCityHighlight besuchst. Wir verarbeiten personenbezogene Daten ausschlie\u00dflich unter Einhaltung der gesetzlichen Bestimmungen der Europ\u00e4ischen Datenschutz-Grundverordnung (DSGVO), der darauf beruhenden, nationalen datenschutzrechtlichen Bestimmungen. In dieser Datenschutzerkl\u00e4rung informieren wir dich daher \u00fcber die wichtigsten Aspekte der Datenverarbeitung im Zusammenhang mit der Nutzung unsere App- und Web-Angebote. Wir bieten dir damit einen detaillierten \u00dcberblick dar\u00fcber, wie wir deine Daten, die du uns zur Verf\u00fcgung stellst, oder die wir in Entsprechung der hier definierten Bedingungen gesetz- und rechtm\u00e4\u00dfigerweise erlangen, nutzen.<\/p><h4>1. Welche personenbezogenen Daten erheben wir?<\/h4><p>Wenn du eine unserer Apps oder unserer Webseiten besuchst bzw. verwendest, k\u00f6nnen Daten, wie folgt, verarbeitet werden:<\/p><ul><li>E-Mail Adressen: Wenn du dich via Email-Account registrieren, speichern und verarbeiten wir die E-Mail Adresse und weitere zur Verf\u00fcgung gestellte Informationen.<\/li><li>Facebook Account-Daten: Wenn du dich via Facebook-Account registrierst, k\u00f6nnen wir die w\u00e4hrend des Registrierungsprozesses zur Verf\u00fcgung gestellte Information speichern und verarbeiten. Facebook wird dir immer zeigen, auf welche Information wir Zugriff haben.<\/li><li>Twitter Account-Daten: Wenn du dich via Twitter-Account registrierst, k\u00f6nnen wir die w\u00e4hrend des Registrierungsprozesses zur Verf\u00fcgung gestellte Information speichern und verarbeiten.<\/li><li>Benutzergenerierte Inhalte: Wenn du unsere Apps oder Webseiten verwendest, um Inhalte zu erstellen, verarbeiten und speichern wir alle Inhalte, die du erstellt hast. Zum Beispiel: Fotos, Favoriten, gespeicherte Orte, Bewertungen, Kommentare, Geheimtipps, Reisetageb\u00fccher usw.<\/li><li>App-Nutzungsprotokolle: Wenn du unsere Apps verwendest, protokollieren wir deine App- Nutzerverhalten. Das beinhaltet Absturzprotokolle, deine Aktionen in der App, wie z.B. Suchen nach Karten bzw. Orten, die Wahl von Schaltkn\u00f6pfen, die Nutzung der verschiedenen App-Funktionalit\u00e4ten, Datum und Zeit der Nutzung, deine Zeitzone, Informationen \u00fcber die Spezifikation deines Ger\u00e4ts und Betriebssystems, Spracheinstellungen, sowie aus deiner IP-Adresse abgeleitete, ungef\u00e4hre Standortdaten.<\/li><li>Web-Nutzungsprotokolle: Wenn du unsere Webseiten verwendest, protokollieren wir deine Nutzerverhalten auf unseren Webseiten. Das beinhaltet deine Aktionen auf der Webseite, wie z.B. Suchprotokolle, Klicks auf Schaltkn\u00f6pfen und Links, Datum und Zeit der Nutzung, deine Zeitzone, Informationen \u00fcber die Spezifikation deines Browsers und Betriebssystems, Spracheinstellungen, aus deiner IP Adresse abgeleitete, ungef\u00e4hre Standortdaten, Verweise von anderen Webseiten sowie Web-Suchen.<\/li><li>Server Protokolle: Wenn du unsere Apps oder Webseiten verwendest, erstellen wir Server Protokolle. Dies beinhaltet Datum und Zeit der Zugriffe, Zugriffszeiten, Datendurchsatz, Zugriffsstatus sowie HTTP(S) Status Codes.<\/li><li>Standortdaten: Sofern du ausdr\u00fccklich zustimmen, sammeln, verarbeiten, und teilen wir Standortdaten, auch mit Hilfe von Software Komponenten Dritter (mobile \u201cSDKs\u201d).<\/li><li>Ger\u00e4te-Identifikationsnummern and IP Adressen: Wenn du unsere Apps verwendest, verarbeiten und speichern wir deine mobile Ger\u00e4te-Identifikationsnummer (wie die iOS UDID oder Android Advertising ID) sowie IP Adressen; wenn du unsere Webseiten besuchen, verarbeiten und speichern wir deine IP Adressen.<\/li><\/ul><h4>2. Rechtsgrundlagen bzw. Zweck der Datenverarbeitung<\/h4><p>Deine Daten werden ausschlie\u00dflich zu dem Zweck gespeichert und verarbeitet, um unsere Plattform, unsere App-Angebote und damit zusammenh\u00e4ngenden Leistungen anbieten zu k\u00f6nnen und\/oder um unsere Webseiten zu verbessern.<\/p><ol><li>Vertragserf\u00fcllung: Die Verarbeitung deiner E-Mail-Adressen, Facebook- und Twitter-Accountdaten und\/oder der von dir zur Verf\u00fcgung gestellten benutzergenerierten Inhalte ist zur Erf\u00fcllung des Vertrages erforderlich (Art 6 Abs 1 lit b DSGVO): Wir erheben deine Daten f\u00fcr eine Verarbeitung, wenn du dich freiwillig f\u00fcr die Eingabe dieser Daten entscheidest. Deine Daten werden daher dann verarbeitet, wenn du uns diese selbst mitteilen, z. B. weil du eine unserer angebotenen Apps nutzen und Inhalte erstellen (z. B. von dir erstellte Inhalte: Fotos, Listen, Favoriten, gespeicherte Orte, Bewertungen, Kommentare, Geheimtipps, Reisetageb\u00fccher usw.). In diesem Fall werden entsprechend erstellte Daten ausschlie\u00dflich zur Durchf\u00fchrung des jeweiligen Dienstes verarbeitet und sind daher f\u00fcr die Erf\u00fcllung des App-Nutzungsvertrags notwendig.<\/li><li><div>Bewertung deines Einkaufs: Mit dem Kaufabschluss gibst du uns dein Einverst\u00e4ndnis, dass wir dir im Nachgang zu deiner Bestellung eine Einladung an die von dir hinterlegte E-Mail Adresse zur Bewertung der von dir gekauften Produkte schicken d\u00fcrfen. Die Bewertung der Produkte erfolgt freiwillig.<\/div><\/li><li>\u00dcberwiegendes, berechtigtes Interesse: An der Verarbeitung von App- und Web-Nutzungsprotokollen, von Server-Logfiles, Ger\u00e4te Identifikationsnummern und IP Adressen haben wir ein \u00fcberwiegendes, berechtigtes Interesse (Art 6 Abs 1 lit f DSGVO). Wir verwenden diese Daten f\u00fcr den ordnungsgem\u00e4\u00dfen Betrieb unseres Apps, Plattform und Webseiten, insbesondere um Fehler festzustellen und diese beseitigen zu k\u00f6nnen. Unser berechtigtes Anliegen im Sinne der DSGVO ist die Sicherheit und die Optimierung unserer Leistungen und Webseiten. Weiters \u00fcbermitteln wir in diesem Fall auch Daten f\u00fcr statistische und Auswertungszwecke, sowie zur Optimierung von interessenbezogenen Werbeschaltungen an Dritte, um unsere Dienstleistungen und Produkte zu verbessern (siehe Anhang).Auch an der Verarbeitung von E-Mail-Adressen, Facebook- und Twitter-Accountdaten, benutzergenerierten Inhalten, App- und Web-Nutzungsprotokollen zum Zweck der Direktwerbung haben wir ein \u00fcberwiegendes, berechtigtes Interesse. Verarbeitet werden dabei ausschlie\u00dflich jene Daten, die du uns freiwillig zur Verf\u00fcgung stellst. Vorrangiges Ziel dieser Datenverarbeitung ist der Kundenerhalt und die Kundengewinnung. Wir d\u00fcrfen diese Daten nutzen, um dich \u00fcber Updates, Benachrichtigungen zu unseren Apps, Produkten oder Dienstleistungen, die f\u00fcr dich interessant sein k\u00f6nnten, in Kenntnis zu setzen. Wir d\u00fcrfen deine Daten nutzen, um dir auf unseren Plattformen, innerhalb unserer Apps oder Webseiten Dienstleistungen, Produkte oder Angebote, verbunden mit dem Thema \u201cReisen\u201d und \u00abFreizeitangebote\u00bb zu empfehlen. Weiters \u00fcbermitteln wir deine Kontaktdaten (E-Mail \u2013 Adresse) an ausgew\u00e4hlte externe Dienstleister, da diese E-Mail- und Message- Service-Dienstleistungen im Zusammenhang mit Zwecken der Direktwerbung f\u00fcr uns erbringen.<\/li><li>Ausdr\u00fcckliche Einwilligung: Sofern du in unseren Apps ausdr\u00fccklich zustimmen, verarbeiten wir deine Standortdaten auch mit Hilfe von Software Komponenten Dritter (mobile \u201cSDKs\u201d). Wir \u00fcbermitteln diese Daten an externe Vertragspartner zu Zwecken interessenbezogener Anzeigen durch Dritte (siehe Anhang, Liste der Vertragspartner), der Zuordnung von Anzeigen, sowie zu statistischen und Analyse-Zwecken. Diesbez\u00fcglich ersuchen wir vorab jedenfalls um deine ausdr\u00fcckliche Einwilligung. Du kannst deine erteilte Zustimmung aber auch jederzeit und ohne Angabe von Gr\u00fcnden mit Wirkung f\u00fcr die Zukunft widerrufen (siehe Punkt 3.).<\/li><li>Des Weiteren verwenden wir Tracker. F\u00fcr deine gesetzlichen Informations- und sonstigen Rechte, die dir durch die Nutzung von Trackern in Bezug auf personenbezogene Daten entstehen siehe Punkt 3.<\/li><\/ol><p><strong>3. Gesetzliche Informations- und sonstige Rechte sowie Opt-Out M\u00f6glichkeiten<\/strong> Gem. Art.12 I DSGVO stehen dir durch die Verarbeitung, Speicherung und Weitergabe von personenbezogenen Daten als \u00abbetroffene Person\u00bb gegen uns als \u00abVerantwortlichen\u00bb Informationsrechte nach Art. 13 und Art.14 DSGVO zu, daneben bestehen Mitteilungspflichten nach den Art.15 bis 22 und Art. 34 DSGVO.<\/p><ul><li>Gem. Art. 21 DSGVO steht dir als die durch Verarbeitung von personenbezogenen Daten betroffen Person das Recht zu, der Verarbeitung in den dort genannten F\u00e4llen zu widersprechen.<\/li><li>Gem. Art.16 DSGVO besteht ein Recht auf Berichtigung.<\/li><li>Gem. Art.17 DSGVO besteht ein Recht als betroffene Person, L\u00f6schung der \u00fcber sie gespeicherten Daten zu verlangen.<\/li><li>Gem. Art.18 DSGVO besteht ein Recht auf Einschr\u00e4nkung der Verarbeitung deiner Daten.<\/li><\/ul><p>Zur Wahrung Deiner Rechte bieten wir dir daher folgende Opt-out M\u00f6glichkeiten:<\/p><ul><li>Interessenbezogene Werbung: Du kannst jederzeit aus interessenbezogener Werbung aussteigen: Um dies zu tun, gehst du in die \u201cEinstellungen\u201d deines iOS Ger\u00e4tes, dann zu \u201cDatenschutz\u201d, dort auf \u201cWerbung\u201d. Auf Android: \u00d6ffnest du die \u201cGoogle Einstellungen\u201d, dann \u00f6ffnest du \u201cAnzeigen\u201d, und aktivierst \u201cInteressenbezogenen Anzeigen deaktivieren\u201d. Durch diese Einstellung werden unsere externen Dienstleister Informationen, die mit der App gesammelt wurden, nicht nutzen, um deine Interessen abzuleiten und somit keine Anzeigen \u2013 basierend auf diesen Interessen \u2013 auf deinem Ger\u00e4t anzeigen. Wir weisen jedoch darauf hin, dass einzelne App-Dienste dadurch ihre Funktionalit\u00e4t verlieren k\u00f6nnen.<\/li><li>Verarbeitung von Standortdaten: Du kannst jederzeit den Zugriff der App auf Standortdaten beenden, indem du die Standortdaten in den Einstellungen deines Ger\u00e4ts f\u00fcr diese App deaktivierst. Wir weisen jedoch darauf hin, dass einzelne standort-bezogene App-Dienste dadurch ihre Funktionalit\u00e4t verlieren.<\/li><li>E-Mail: Du kannst jederzeit den Empfang von unseren Highlight bezogenen E-Mails auf der Webseite (www.mycityhighlight.com) in deinem Profil deaktivieren.<\/li><li>L\u00f6schung deines Benutzer-Profils: Falls du dein Benutzer-Profil l\u00f6schen m\u00f6chtest, sende uns eine E-Mail an info@mycityhighlight.com. Teile uns mit welche E-Mailadresse mit dem zu l\u00f6schenden Profil verkn\u00fcpft ist. Achtung: Wenn wir dein Profil l\u00f6schen, verlierst du unwiderruflich alle, von dir erstellten benutzergenerierten Daten wie z. B. gespeicherte Orte und Favoriten usw. Au\u00dferdem k\u00f6nnen einzelne App-Dienste dadurch ihre Funktionalit\u00e4t verlieren.<\/li><li>L\u00f6schung sonstiger Trackingdaten<\/li><\/ul><p>Dar\u00fcber hinaus besteht ein Beschwerderecht bei der zust\u00e4ndigen Datenschutzbeh\u00f6rde gem. Art.77 DSGVO.<\/p><h4>4. Speicherung der Daten<\/h4><p>Wir speichern Daten auf Servern in der Schweiz. Wir ergreifen diesbez\u00fcglich alle uns zumutbaren Ma\u00dfnahmen, um sicherzustellen, dass deine Daten gesichert sind und so, wie in dieser Datenschutzrichtlinie beschrieben, verwendet werden. Wir verwenden sichere Server, um eine ordnungsgem\u00e4\u00dfe Speicherung der Daten sicherzustellen. Jede \u00dcbertragung pers\u00f6nlicher Daten findet aus Sicherheitsgr\u00fcnden verschl\u00fcsselt statt. Die \u00dcbertragung von Daten im Internet kann jedoch nie hundertprozentig sicher sein. Wir k\u00f6nnen daher nicht die Sicherheit von elektronisch gesammelten oder \u00fcbertragenen Daten garantieren; allerdings ergreifen wir die in unserer Sph\u00e4re liegenden und notwendigen Ma\u00dfnahmen, um bestm\u00f6gliche Sicherheit zu gew\u00e4hrleisten. Du stellst deine Daten auf eigenes Risiko zur Verf\u00fcgung. Wo n\u00f6tig, kann ein Passwort erforderlich sein, um Bereiche unserer Apps oder unserer Webseiten zu erreichen. Du tr\u00e4gst uneingeschr\u00e4nkt die alleinige Verantwortung f\u00fcr die Sicherheit und Vertraulichkeit des Passwortes, welches du generierst.<\/p><h4><strong>5. Weitergabe der Daten<\/strong><\/h4><p>Neben den unter Punkt 2. genannten F\u00e4llen, d\u00fcrfen deine Daten unter folgenden Bedingungen an Dritte weitergegeben werden: Eine Weitergabe kann stattfinden, wenn wir unser Unternehmen oder Teile davon bzw. Verm\u00f6gensteile an Dritte ver\u00e4u\u00dfern. Deine Daten k\u00f6nnen jedem\/r Mitarbeiter\/In unseres Unternehmens und Mitarbeitern\/Innen von verbundenen Unternehmen zum Zweck der Datenverwendung und -verarbeitung, wie in dieser Richtlinie festgehalten, weitergegeben werden. Gesetzliche Regelungen, denen unser Unternehmen unterliegt, k\u00f6nnen eine Weitergabe deiner Daten erfordern.<\/p><h4><strong>6. Einbindung von Diensten und Inhalten Dritter<\/strong><\/h4><p>Es kann vorkommen, dass innerhalb unseres Onlineangebotes Inhalte oder Dienste von Dritt-Anbietern, wie zum Beispiel Stadtpl\u00e4ne oder Schriftarten von anderen Webseiten eingebunden werden. Die Einbindung von Inhalten der Dritt-Anbieter setzt immer voraus, dass die Dritt-Anbieter die IP-Adresse der Nutzenden wahrnehmen. Ohne die IP-Adresse k\u00f6nnen die Inhalte nicht an den Browser der Nutzenden gesendet werden. Die IP-Adresse ist damit f\u00fcr die Darstellung dieser Inhalte erforderlich. Des Weiteren k\u00f6nnen die Anbieter der Dritt-Inhalte eigene Cookies setzen und die Daten der Nutzenden f\u00fcr eigene Zwecke verarbeiten. Dabei k\u00f6nnen aus den verarbeiteten Daten Nutzungsprofile der Nutzenden erstellt werden. Wir werden diese Inhalte m\u00f6glichst datensparsam und datenvermeidend einsetzen sowie im Hinblick auf die Datensicherheit zuverl\u00e4ssige Dritt-Anbieter w\u00e4hlen.<\/p><p>Die nachfolgende Darstellung bietet eine \u00dcbersicht von Dritt-Anbietern sowie deiner Inhalte, nebst Links zu deren Datenschutzerkl\u00e4rungen, welche weitere Hinweise zur Verarbeitung von Daten und, z.T. bereits hier genannt, Widerspruchsm\u00f6glichkeiten (sog. Opt-Out) enthalten:<\/p><p>Externe Schriftarten von Google, Inc.,\u00a0<a href=\"https:\/\/www.google.com\/fonts\">https:\/\/www.google.com\/fonts<\/a>\u00a0(\u201eGoogle Fonts\u201c). Die Einbindung der Google Fonts erfolgt durch einen Serveraufruf bei Google (in der Regel in den USA). Datenschutzerkl\u00e4rung:\u00a0<a href=\"https:\/\/www.google.com\/policies\/privacy\/\">https:\/\/www.google.com\/policies\/privacy\/<\/a>, <br \/>Opt-Out:\u00a0<a href=\"https:\/\/www.google.com\/settings\/ads\/\">https:\/\/www.google.com\/settings\/ads\/<\/a>.<\/p><p>Videos der Plattform \u201eYouTube\u201c des Dritt-Anbieters Google Inc., 1600 Amphitheatre Parkway, Mountain View, CA 94043, USA. Datenschutzerkl\u00e4rung:\u00a0<a href=\"https:\/\/www.google.com\/policies\/privacy\/\">https:\/\/www.google.com\/policies\/privacy\/<\/a>, Opt-Out:\u00a0<a href=\"https:\/\/www.google.com\/settings\/ads\/\">https:\/\/www.google.com\/settings\/ads\/<\/a>.<\/p><p>Diese Website verwendet den Dienst reCAPTCHA der Google Inc. (1600 Amphitheatre Parkway, Mountain View, CA 94043, USA; \u201eGoogle\u201c). Die Abfrage dient dem Zweck der Unterscheidung, ob die Eingabe durch einen Menschen oder durch automatisierte, maschinelle Verarbeitung erfolgt. Die Abfrage schliesst den Versand der IP-Adresse und ggf. weiterer von Google f\u00fcr den Dienst reCAPTCHA ben\u00f6tigter Daten an Google ein. Zu diesem Zweck wird deine Eingabe an Google \u00fcbermittelt und dort weiterverwendet. Im Auftrag des Betreibers dieser Website wird Google diese Informationen benutzen, um deine Nutzung dieses Dienstes auszuwerten. Die im Rahmen von reCaptcha von deinem Browser \u00fcbermittelte IP-Adresse wird nicht mit anderen Daten von Google zusammengef\u00fchrt. Deine Daten werden dabei gegebenenfalls auch in die USA \u00fcbermittelt. Die Verarbeitung erfolgt auf Grundlage des Art. 6 (1) lit. a DSGVO mit deiner Einwilligung. Du kannst deine Einwilligung jederzeit widerrufen, ohne dass die Rechtm\u00e4ssigkeit der aufgrund der Einwilligung bis zum Widerruf erfolgten Verarbeitung ber\u00fchrt wird. N\u00e4here Informationen zu Google reCAPTCHA sowie die dazugeh\u00f6rige Datenschutzerkl\u00e4rung findest du unter:\u00a0<br \/>https:\/\/www.google.com\/privacy\/ads\/.<\/p><p>Bei dieser Website wird der Google Tag Manager eingesetzt. Dies ist eine L\u00f6sung, mit der wir sogenannte Website-Tags \u00fcber eine Oberfl\u00e4che verwalten k\u00f6nnen und so z.B. Google Analytics sowie andere Google-Marketing-Dienste in unser Onlineangebot einbinden k\u00f6nnen. Der Tag Manager selbst, welcher die Tags implementiert, verarbeitet keine personenbezogenen Daten der Nutzenden. Im Hinblick auf die Verarbeitung der personenbezogenen Daten der Nutzenden wird auf die folgenden Angaben zu den Google-Diensten verwiesen.<\/p><p>Nutzungsrichtlinien:\u00a0https:\/\/www.google.com\/intl\/de\/tagmanager\/use-policy.html.<\/p><h4>7. Hyperlinks auf Webseiten von Dritten<\/h4><p>Jede Webseite oder App von Dritten, die \u00fcber unsere Plattform, unsere Apps oder unsere Webseiten aufgerufen werden kann, hat grunds\u00e4tzlich eine eigene Datenschutzrichtlinie zu f\u00fchren. Wir empfehlen, dass du die dort definierten Bedingungen pr\u00fcfst. Unsere Datenschutzrichtlinie gilt nicht f\u00fcr Webseiten oder Apps, die mittels Hyperlink auf unseren Plattformen (auf unseren Apps oder auf unseren Webseiten) aufrufbar sind. F\u00fcr die Inhalte der verlinkten Seiten oder Apps sind ausschlie\u00dflich deren Betreiber verantwortlich. Wir schlie\u00dfen ausdr\u00fccklich jegliche Haftung und\/oder Verantwortung f\u00fcr den Umgang Dritter mit deinen Daten aus. Wir weisen darauf hin, dass sich fremde Websites oder Apps unserer Kontrolle entziehen, wir haben weder Einfluss auf die dort erhobenen Daten und Datenverarbeitungsvorg\u00e4nge, noch sind uns der Umfang der Datenerhebung, die Zwecke sowie die Speicherfristen bekannt.<\/p><h4>8. Betroffenenrechte und Kontakt<\/h4><p>Zur Geltendmachung deiner oben benannten Rechte auf Auskunft \u00fcber die von uns verarbeiteten, dich betreffenden personenbezogenen Daten (Art. 12 iVm Art.13, Art.14, sowie Art.15 bis 22 und Art.34 DSGVO), das Recht auf Berichtigung (Art. 16 DSGVO), L\u00f6schung (Art. 17 DSGVO), auf Einschr\u00e4nkung der Verarbeitung (Art. 18 DSGVO) und L\u00f6schung gem. Art.21 DSGVO, wende dich bitte schriftlich an die MyCityHighlight AG, Talgut-Zentrum 7, 3063 Ittigen, Schweiz, oder per E-Mail an info@mycityhighlight.ch Zur Geltendmachung deines Beschwerderechts aus Art.77 DSGVO wende dich bitte an die zust\u00e4ndige Aufsichtsbeh\u00f6rde. Weiters hast du ein Recht auf Beschwerde, welche an die Bundesbeauftragte f\u00fcr den Datenschutz und die Informationsfreiheit, Husarenstra\u00dfe 30, D-53117 Bonn, Telefon: +49 0228 997799 \u2013 0, E-Mail: poststelle@bfdi.bund.de als zust\u00e4ndige Aufsichtsbeh\u00f6rde zu richten w\u00e4re.<\/p><h4>9. \u00c4nderungen dieser Datenschutzerkl\u00e4rung<\/h4><p>Wir behalten uns das Recht vor, diese Datenschutzerkl\u00e4rung jederzeit mit Wirkung f\u00fcr die Zukunft zu \u00e4ndern; die jeweils aktuelle Version ist abrufbar.<\/p>\t\t\t\t\t\t<\/div>\n\t\t\t\t<\/div>\n\t\t\t\t\t<\/div>\n\t\t<\/div>\n\t\t\t\t\t<\/div>\n\t\t<\/section>\n\t\t\t\t<\/div>\n\t\t","protected":false},"excerpt":{"rendered":"<p>Datenschutzrichtlinie DATENSCHUTZRICHTLINIE f\u00fcr MyCityHighlight Benutzer Accounts, MyCityHighlight Apps und MyCityHighlight Webauftritte G\u00fcltig ab 25. Mai 2018 Der Schutz deiner personenbezogenen Daten ist uns ein besonderes Anliegen, wann immer du dich via E-Mail, Facebook- oder Twitter-Account auf unseren Plattformen (unseren Apps und unserer Webseiten) registrierst, oder wenn du unsere Apps verwendest bzw. die Webseiten von MyCityHighlight [&hellip;]<\/p>\n","protected":false},"author":1,"featured_media":0,"parent":0,"menu_order":0,"comment_status":"closed","ping_status":"closed","template":"","meta":{"inline_featured_image":false,"site-sidebar-layout":"no-sidebar","site-content-layout":"page-builder","ast-site-content-layout":"default","site-content-style":"default","site-sidebar-style":"default","ast-global-header-display":"","ast-banner-title-visibility":"","ast-main-header-display":"","ast-hfb-above-header-display":"","ast-hfb-below-header-display":"","ast-hfb-mobile-header-display":"","site-post-title":"disabled","ast-breadcrumbs-content":"","ast-featured-img":"disabled","footer-sml-layout":"","ast-disable-related-posts":"","theme-transparent-header-meta":"","adv-header-id-meta":"","stick-header-meta":"","header-above-stick-meta":"","header-main-stick-meta":"","header-below-stick-meta":"","astra-migrate-meta-layouts":"default","ast-page-background-enabled":"default","ast-page-background-meta":{"desktop":{"background-color":"var(--ast-global-color-4)","background-image":"","background-repeat":"repeat","background-position":"center center","background-size":"auto","background-attachment":"scroll","background-type":"","background-media":"","overlay-type":"","overlay-color":"","overlay-opacity":"","overlay-gradient":""},"tablet":{"background-color":"","background-image":"","background-repeat":"repeat","background-position":"center center","background-size":"auto","background-attachment":"scroll","background-type":"","background-media":"","overlay-type":"","overlay-color":"","overlay-opacity":"","overlay-gradient":""},"mobile":{"background-color":"","background-image":"","background-repeat":"repeat","background-position":"center center","background-size":"auto","background-attachment":"scroll","background-type":"","background-media":"","overlay-type":"","overlay-color":"","overlay-opacity":"","overlay-gradient":""}},"ast-content-background-meta":{"desktop":{"background-color":"var(--ast-global-color-5)","background-image":"","background-repeat":"repeat","background-position":"center center","background-size":"auto","background-attachment":"scroll","background-type":"","background-media":"","overlay-type":"","overlay-color":"","overlay-opacity":"","overlay-gradient":""},"tablet":{"background-color":"var(--ast-global-color-5)","background-image":"","background-repeat":"repeat","background-position":"center center","background-size":"auto","background-attachment":"scroll","background-type":"","background-media":"","overlay-type":"","overlay-color":"","overlay-opacity":"","overlay-gradient":""},"mobile":{"background-color":"var(--ast-global-color-5)","background-image":"","background-repeat":"repeat","background-position":"center center","background-size":"auto","background-attachment":"scroll","background-type":"","background-media":"","overlay-type":"","overlay-color":"","overlay-opacity":"","overlay-gradient":""}},"footnotes":""},"class_list":["post-14","page","type-page","status-publish","hentry"],"_links":{"self":[{"href":"https:\/\/mycityhelpline.ch\/de\/wp-json\/wp\/v2\/pages\/14","targetHints":{"allow":["GET"]}}],"collection":[{"href":"https:\/\/mycityhelpline.ch\/de\/wp-json\/wp\/v2\/pages"}],"about":[{"href":"https:\/\/mycityhelpline.ch\/de\/wp-json\/wp\/v2\/types\/page"}],"author":[{"embeddable":true,"href":"https:\/\/mycityhelpline.ch\/de\/wp-json\/wp\/v2\/users\/1"}],"replies":[{"embeddable":true,"href":"https:\/\/mycityhelpline.ch\/de\/wp-json\/wp\/v2\/comments?post=14"}],"version-history":[{"count":10,"href":"https:\/\/mycityhelpline.ch\/de\/wp-json\/wp\/v2\/pages\/14\/revisions"}],"predecessor-version":[{"id":75,"href":"https:\/\/mycityhelpline.ch\/de\/wp-json\/wp\/v2\/pages\/14\/revisions\/75"}],"wp:attachment":[{"href":"https:\/\/mycityhelpline.ch\/de\/wp-json\/wp\/v2\/media?parent=14"}],"curies":[{"name":"wp","href":"https:\/\/api.w.org\/{rel}","templated":true}]}}